{"id":1187,"date":"2023-01-23T16:10:56","date_gmt":"2023-01-23T16:10:56","guid":{"rendered":"http:\/\/upwind-catamaran.com\/?page_id=1187"},"modified":"2025-01-15T16:30:49","modified_gmt":"2025-01-15T16:30:49","slug":"about-the-project","status":"publish","type":"page","link":"https:\/\/upwind-catamaran.com\/fr\/about-the-project\/","title":{"rendered":"SUR LE PROJET"},"content":{"rendered":"<div data-elementor-type=\"wp-page\" data-elementor-id=\"1187\" class=\"elementor elementor-1187\">\n\t\t\t\t\t\t\t\t\t<section class=\"elementor-section elementor-top-section elementor-element elementor-element-58688588 elementor-section-height-min-height elementor-section-boxed elementor-section-height-default elementor-section-items-middle\" data-id=\"58688588\" data-element_type=\"section\" data-settings=\"{&quot;background_background&quot;:&quot;classic&quot;}\">\n\t\t\t\t\t\t\t<div class=\"elementor-background-overlay\"><\/div>\n\t\t\t\t\t\t\t<div class=\"elementor-container elementor-column-gap-default\">\n\t\t\t\t\t<div class=\"elementor-column elementor-col-100 elementor-top-column elementor-element elementor-element-6bb8198e\" data-id=\"6bb8198e\" data-element_type=\"column\">\n\t\t\t<div class=\"elementor-widget-wrap elementor-element-populated\">\n\t\t\t\t\t\t\t\t<div class=\"elementor-element elementor-element-7810cee4 de_scroll_animation_no elementor-invisible elementor-widget elementor-widget-heading\" data-id=\"7810cee4\" data-element_type=\"widget\" data-settings=\"{&quot;_animation&quot;:&quot;fadeIn&quot;}\" data-widget_type=\"heading.default\">\n\t\t\t\t<div class=\"elementor-widget-container\">\n\t\t\t<style>\/*! elementor - v3.9.0 - 06-12-2022 *\/\n.elementor-heading-title{padding:0;margin:0;line-height:1}.elementor-widget-heading .elementor-heading-title[class*=elementor-size-]>a{color:inherit;font-size:inherit;line-height:inherit}.elementor-widget-heading .elementor-heading-title.elementor-size-small{font-size:15px}.elementor-widget-heading .elementor-heading-title.elementor-size-medium{font-size:19px}.elementor-widget-heading .elementor-heading-title.elementor-size-large{font-size:29px}.elementor-widget-heading .elementor-heading-title.elementor-size-xl{font-size:39px}.elementor-widget-heading .elementor-heading-title.elementor-size-xxl{font-size:59px}<\/style><h2 class=\"elementor-heading-title elementor-size-default\">SUR LE PROJET  <\/h2>\t\t<\/div>\n\t\t\t\t<\/div>\n\t\t\t\t<div class=\"elementor-element elementor-element-7dbb71b3 elementor-icon-list--layout-inline elementor-align-center elementor-list-item-link-full_width de_scroll_animation_no elementor-invisible elementor-widget elementor-widget-icon-list\" data-id=\"7dbb71b3\" data-element_type=\"widget\" data-settings=\"{&quot;_animation&quot;:&quot;fadeIn&quot;,&quot;_animation_delay&quot;:200}\" data-widget_type=\"icon-list.default\">\n\t\t\t\t<div class=\"elementor-widget-container\">\n\t\t\t<link rel=\"stylesheet\" href=\"https:\/\/upwind-catamaran.com\/wp-content\/plugins\/elementor\/assets\/css\/widget-icon-list.min.css\">\t\t<ul class=\"elementor-icon-list-items elementor-inline-items\">\n\t\t\t\t\t\t\t<li class=\"elementor-icon-list-item elementor-inline-item\">\n\t\t\t\t\t\t\t\t\t\t\t<a href=\"#\">\n\n\t\t\t\t\t\t\t\t\t\t\t<span class=\"elementor-icon-list-text\">Home<\/span>\n\t\t\t\t\t\t\t\t\t\t\t<\/a>\n\t\t\t\t\t\t\t\t\t<\/li>\n\t\t\t\t\t\t\t\t<li class=\"elementor-icon-list-item elementor-inline-item\">\n\t\t\t\t\t\t\t\t\t\t\t<span class=\"elementor-icon-list-icon\">\n\t\t\t\t\t\t\t<i aria-hidden=\"true\" class=\"icon icon-right-arrow2\"><\/i>\t\t\t\t\t\t<\/span>\n\t\t\t\t\t\t\t\t\t\t<span class=\"elementor-icon-list-text\">SUR LE PROJET  <\/span>\n\t\t\t\t\t\t\t\t\t<\/li>\n\t\t\t\t\t\t<\/ul>\n\t\t\t\t<\/div>\n\t\t\t\t<\/div>\n\t\t\t\t\t<\/div>\n\t\t<\/div>\n\t\t\t\t\t\t\t<\/div>\n\t\t<\/section>\n\t\t\t\t<section class=\"elementor-section elementor-top-section elementor-element elementor-element-eb650fb elementor-section-boxed elementor-section-height-default elementor-section-height-default\" data-id=\"eb650fb\" data-element_type=\"section\">\n\t\t\t\t\t\t<div class=\"elementor-container elementor-column-gap-default\">\n\t\t\t\t\t<div class=\"elementor-column elementor-col-100 elementor-top-column elementor-element elementor-element-86683d0\" data-id=\"86683d0\" data-element_type=\"column\">\n\t\t\t<div class=\"elementor-widget-wrap elementor-element-populated\">\n\t\t\t\t\t\t\t\t<div class=\"elementor-element elementor-element-a727aa8 de_scroll_animation_no elementor-widget elementor-widget-spacer\" data-id=\"a727aa8\" data-element_type=\"widget\" data-widget_type=\"spacer.default\">\n\t\t\t\t<div class=\"elementor-widget-container\">\n\t\t\t<style>\/*! elementor - v3.9.0 - 06-12-2022 *\/\n.elementor-column .elementor-spacer-inner{height:var(--spacer-size)}.e-con{--container-widget-width:100%}.e-con-inner>.elementor-widget-spacer,.e-con>.elementor-widget-spacer{width:var(--container-widget-width,var(--spacer-size));--align-self:var(--container-widget-align-self,initial);--flex-shrink:0}.e-con-inner>.elementor-widget-spacer>.elementor-widget-container,.e-con-inner>.elementor-widget-spacer>.elementor-widget-container>.elementor-spacer,.e-con>.elementor-widget-spacer>.elementor-widget-container,.e-con>.elementor-widget-spacer>.elementor-widget-container>.elementor-spacer{height:100%}.e-con-inner>.elementor-widget-spacer>.elementor-widget-container>.elementor-spacer>.elementor-spacer-inner,.e-con>.elementor-widget-spacer>.elementor-widget-container>.elementor-spacer>.elementor-spacer-inner{height:var(--container-widget-height,var(--spacer-size))}<\/style>\t\t<div class=\"elementor-spacer\">\n\t\t\t<div class=\"elementor-spacer-inner\"><\/div>\n\t\t<\/div>\n\t\t\t\t<\/div>\n\t\t\t\t<\/div>\n\t\t\t\t\t<\/div>\n\t\t<\/div>\n\t\t\t\t\t\t\t<\/div>\n\t\t<\/section>\n\t\t\t\t<section class=\"elementor-section elementor-top-section elementor-element elementor-element-fd52c1b elementor-section-boxed elementor-section-height-default elementor-section-height-default\" data-id=\"fd52c1b\" data-element_type=\"section\">\n\t\t\t\t\t\t<div class=\"elementor-container elementor-column-gap-default\">\n\t\t\t\t\t<div class=\"elementor-column elementor-col-100 elementor-top-column elementor-element elementor-element-b90a8b4\" data-id=\"b90a8b4\" data-element_type=\"column\">\n\t\t\t<div class=\"elementor-widget-wrap elementor-element-populated\">\n\t\t\t\t\t\t\t\t<div class=\"elementor-element elementor-element-eab1c35 de_scroll_animation_no elementor-widget elementor-widget-text-editor\" data-id=\"eab1c35\" data-element_type=\"widget\" data-widget_type=\"text-editor.default\">\n\t\t\t\t<div class=\"elementor-widget-container\">\n\t\t\t<style>\/*! elementor - v3.9.0 - 06-12-2022 *\/\n.elementor-widget-text-editor.elementor-drop-cap-view-stacked .elementor-drop-cap{background-color:#818a91;color:#fff}.elementor-widget-text-editor.elementor-drop-cap-view-framed .elementor-drop-cap{color:#818a91;border:3px solid;background-color:transparent}.elementor-widget-text-editor:not(.elementor-drop-cap-view-default) .elementor-drop-cap{margin-top:8px}.elementor-widget-text-editor:not(.elementor-drop-cap-view-default) .elementor-drop-cap-letter{width:1em;height:1em}.elementor-widget-text-editor .elementor-drop-cap{float:left;text-align:center;line-height:1;font-size:50px}.elementor-widget-text-editor .elementor-drop-cap-letter{display:inline-block}<\/style>\t\t\t\t<p>Notre mission est de red\u00e9finir la location de cabines en Croatie en proposant des voyages inoubliables \u00e0 bord de notre catamaran \u00e9cologique Croatie. En mettant l'accent sur la durabilit\u00e9 et un service exceptionnel, notre location de cabine de catamaran en Croatie promet \u00e0 la fois luxe et responsabilit\u00e9 environnementale.<\/p><p class=\" translation-block\">La production actuelle de catamarans \u00e0 voile, destin\u00e9s aussi bien \u00e0 l'industrie du charter qu'aux acheteurs priv\u00e9s, est bas\u00e9e sur des mod\u00e8les de conception, de conception et de base d\u00e9velopp\u00e9s il y a 35 \u00e0 40 ans. De plus, les fabricants de catamarans existants utilisent pour la production des mat\u00e9riaux en fibre de verre\/polym\u00e8re dangereux pour l'environnement, qui ne sont pas recyclables, de sorte que les monocoques et les catamarans finissent comme d\u00e9chets dans les cimeti\u00e8res des navires <a href=\"https:\/\/upwind-catamaran.com\/wp-content \/uploads\/2023\/01\/boat_graveyard.jpg\" target=\"_blank\" rel=\"noopener\"><strong><span style=\"color: #000000\">(image du cimeti\u00e8re)<\/span><\/strong><\/a> et personne ne sait comment r\u00e9soudre ce probl\u00e8me environnemental.<\/p><p><span style=\"color: var( --e-global-color-text ); font-family: var( --e-global-typography-text-font-family ), Sans-serif; font-size: var( --e-global-typography-text-font-size ); font-style: var( --e-global-typography-text-font-style ); font-weight: var( --e-global-typography-text-font-weight ); text-transform: var( --e-global-typography-text-text-transform );\">Le catamaran en aluminium \u00ab UPWIND 50 ECO \u00bb a une dur\u00e9e de vie de plus de 80 ans et sa coque est recyclable \u00e0 100%. Les clients charter ou acheteurs priv\u00e9s de bateaux\/catamarans exigent des normes plus respectueuses de l'environnement, tr\u00e8s difficiles voire impossibles \u00e0 atteindre avec les mat\u00e9riaux de construction actuels, utilis\u00e9s par d'autres fabricants.<\/span><\/p><p><span style=\"color: var( --e-global-color-text ); font-family: var( --e-global-typography-text-font-family ), Sans-serif; font-size: var( --e-global-typography-text-font-size ); font-style: var( --e-global-typography-text-font-style ); font-weight: var( --e-global-typography-text-font-weight ); text-transform: var( --e-global-typography-text-text-transform );\">Le catamaran UPWIND 50 ECO a \u00e9t\u00e9 construit et construit dans un chantier naval croate sp\u00e9cialis\u00e9 dans la production de bateaux en aluminium, sous la supervision du CROATIAN REGISTER OF SHIPPING (CRS), une agence gouvernementale membre de l'Association internationale des soci\u00e9t\u00e9s de classification (IACS). Le projet a re\u00e7u le soutien du Fonds europ\u00e9en de d\u00e9veloppement r\u00e9gional dans le cadre du programme op\u00e9rationnel \u00ab Comp\u00e9titivit\u00e9 et coh\u00e9sion \u00bb de l'initiative \u00ab Innovations et d\u00e9veloppement \u00bb.<\/span><\/p>\t\t\t\t\t\t<\/div>\n\t\t\t\t<\/div>\n\t\t\t\t<section class=\"elementor-section elementor-inner-section elementor-element elementor-element-9be38b7 elementor-section-boxed elementor-section-height-default elementor-section-height-default\" data-id=\"9be38b7\" data-element_type=\"section\">\n\t\t\t\t\t\t<div class=\"elementor-container elementor-column-gap-default\">\n\t\t\t\t\t<div class=\"elementor-column elementor-col-33 elementor-inner-column elementor-element elementor-element-16b91b4\" data-id=\"16b91b4\" data-element_type=\"column\">\n\t\t\t<div class=\"elementor-widget-wrap elementor-element-populated\">\n\t\t\t\t\t\t\t\t<div class=\"elementor-element elementor-element-411fca0 elementor-align-center de_scroll_animation_no elementor-invisible elementor-widget elementor-widget-button\" data-id=\"411fca0\" data-element_type=\"widget\" data-settings=\"{&quot;_animation&quot;:&quot;fadeIn&quot;,&quot;_animation_delay&quot;:600}\" data-widget_type=\"button.default\">\n\t\t\t\t<div class=\"elementor-widget-container\">\n\t\t\t\t\t<div class=\"elementor-button-wrapper\">\n\t\t\t<a href=\"https:\/\/upwind-catamaran.com\/fr\/louer-un-bateau\/\" class=\"elementor-button-link elementor-button elementor-size-sm\" role=\"button\">\n\t\t\t\t\t\t<span class=\"elementor-button-content-wrapper\">\n\t\t\t\t\t\t<span class=\"elementor-button-text\">LOCATION DE BATEAU  <\/span>\n\t\t<\/span>\n\t\t\t\t\t<\/a>\n\t\t<\/div>\n\t\t\t\t<\/div>\n\t\t\t\t<\/div>\n\t\t\t\t\t<\/div>\n\t\t<\/div>\n\t\t\t\t<div class=\"elementor-column elementor-col-33 elementor-inner-column elementor-element elementor-element-44225e8\" data-id=\"44225e8\" data-element_type=\"column\">\n\t\t\t<div class=\"elementor-widget-wrap elementor-element-populated\">\n\t\t\t\t\t\t\t\t<div class=\"elementor-element elementor-element-d3d7715 elementor-align-center de_scroll_animation_no elementor-invisible elementor-widget elementor-widget-button\" data-id=\"d3d7715\" data-element_type=\"widget\" data-settings=\"{&quot;_animation&quot;:&quot;fadeIn&quot;,&quot;_animation_delay&quot;:600}\" data-widget_type=\"button.default\">\n\t\t\t\t<div class=\"elementor-widget-container\">\n\t\t\t\t\t<div class=\"elementor-button-wrapper\">\n\t\t\t<a href=\"https:\/\/upwind-catamaran.com\/fr\/hebergement\/\" class=\"elementor-button-link elementor-button elementor-size-sm\" role=\"button\">\n\t\t\t\t\t\t<span class=\"elementor-button-content-wrapper\">\n\t\t\t\t\t\t<span class=\"elementor-button-text\">H\u00c9BERGEMENT  <\/span>\n\t\t<\/span>\n\t\t\t\t\t<\/a>\n\t\t<\/div>\n\t\t\t\t<\/div>\n\t\t\t\t<\/div>\n\t\t\t\t\t<\/div>\n\t\t<\/div>\n\t\t\t\t<div class=\"elementor-column elementor-col-33 elementor-inner-column elementor-element elementor-element-7746939\" data-id=\"7746939\" data-element_type=\"column\">\n\t\t\t<div class=\"elementor-widget-wrap elementor-element-populated\">\n\t\t\t\t\t\t\t\t<div class=\"elementor-element elementor-element-0f14904 elementor-align-center de_scroll_animation_no elementor-invisible elementor-widget elementor-widget-button\" data-id=\"0f14904\" data-element_type=\"widget\" data-settings=\"{&quot;_animation&quot;:&quot;fadeIn&quot;,&quot;_animation_delay&quot;:600}\" data-widget_type=\"button.default\">\n\t\t\t\t<div class=\"elementor-widget-container\">\n\t\t\t\t\t<div class=\"elementor-button-wrapper\">\n\t\t\t<a href=\"https:\/\/upwind-catamaran.com\/fr\/specifications\/\" class=\"elementor-button-link elementor-button elementor-size-sm\" role=\"button\">\n\t\t\t\t\t\t<span class=\"elementor-button-content-wrapper\">\n\t\t\t\t\t\t<span class=\"elementor-button-text\">CARACT\u00c9RISTIQUES<\/span>\n\t\t<\/span>\n\t\t\t\t\t<\/a>\n\t\t<\/div>\n\t\t\t\t<\/div>\n\t\t\t\t<\/div>\n\t\t\t\t\t<\/div>\n\t\t<\/div>\n\t\t\t\t\t\t\t<\/div>\n\t\t<\/section>\n\t\t\t\t\t<\/div>\n\t\t<\/div>\n\t\t\t\t\t\t\t<\/div>\n\t\t<\/section>\n\t\t\t\t\t\t\t<\/div>","protected":false},"excerpt":{"rendered":"<p>ABOUT THE PROJECT Home ABOUT THE PROJECT Our mission is to redefine cabin charter Croatia by offering unforgettable journeys aboard our eco-friendly catamaran Croatia. With a focus on sustainability and exceptional service, our catamaran cabin charter Croatia promises both luxury and environmental responsibility. The existing production of sailing catamarans, made for charter industry or private [&hellip;]<\/p>","protected":false},"author":1,"featured_media":0,"parent":0,"menu_order":0,"comment_status":"closed","ping_status":"closed","template":"elementor_header_footer","meta":{"om_disable_all_campaigns":false,"_monsterinsights_skip_tracking":false,"_monsterinsights_sitenote_active":false,"_monsterinsights_sitenote_note":"","_monsterinsights_sitenote_category":0,"footnotes":""},"class_list":["post-1187","page","type-page","status-publish","hentry"],"yoast_head":"<!-- This site is optimized with the Yoast SEO plugin v24.3 - https:\/\/yoast.com\/wordpress\/plugins\/seo\/ -->\n<title>ABOUT THE PROJECT - UPWIND 50 ECO catamaran<\/title>\n<meta name=\"description\" content=\"UPWIND CATAMARAN -Introducing a new type of sailing catamaran with numerous advantages over standard catamarans.\" \/>\n<meta name=\"robots\" content=\"index, follow, max-snippet:-1, max-image-preview:large, max-video-preview:-1\" \/>\n<link rel=\"canonical\" href=\"https:\/\/upwind-catamaran.com\/fr\/about-the-project\/\" \/>\n<meta property=\"og:locale\" content=\"fr_FR\" \/>\n<meta property=\"og:type\" content=\"article\" \/>\n<meta property=\"og:title\" content=\"ABOUT THE PROJECT - UPWIND 50 ECO catamaran\" \/>\n<meta property=\"og:description\" content=\"UPWIND CATAMARAN -Introducing a new type of sailing catamaran with numerous advantages over standard catamarans.\" \/>\n<meta property=\"og:url\" content=\"https:\/\/upwind-catamaran.com\/fr\/about-the-project\/\" \/>\n<meta property=\"og:site_name\" content=\"UPWIND 50 ECO catamaran\" \/>\n<meta property=\"article:modified_time\" content=\"2025-01-15T16:30:49+00:00\" \/>\n<meta property=\"og:image\" content=\"https:\/\/upwind-catamaran.com\/wp-content\/uploads\/2023\/01\/cropped-UpWind-catamaran-logo-2-2.png\" \/>\n\t<meta property=\"og:image:width\" content=\"512\" \/>\n\t<meta property=\"og:image:height\" content=\"512\" \/>\n\t<meta property=\"og:image:type\" content=\"image\/png\" \/>\n<meta name=\"twitter:card\" content=\"summary_large_image\" \/>\n<meta name=\"twitter:label1\" content=\"Dur\u00e9e de lecture estim\u00e9e\" \/>\n\t<meta name=\"twitter:data1\" content=\"2 minutes\" \/>\n<script type=\"application\/ld+json\" class=\"yoast-schema-graph\">{\"@context\":\"https:\/\/schema.org\",\"@graph\":[{\"@type\":\"WebPage\",\"@id\":\"https:\/\/upwind-catamaran.com\/en\/about-the-project\/\",\"url\":\"https:\/\/upwind-catamaran.com\/en\/about-the-project\/\",\"name\":\"ABOUT THE PROJECT - UPWIND 50 ECO catamaran\",\"isPartOf\":{\"@id\":\"https:\/\/upwind-catamaran.com\/#website\"},\"datePublished\":\"2023-01-23T16:10:56+00:00\",\"dateModified\":\"2025-01-15T16:30:49+00:00\",\"description\":\"UPWIND CATAMARAN -Introducing a new type of sailing catamaran with numerous advantages over standard catamarans.\",\"breadcrumb\":{\"@id\":\"https:\/\/upwind-catamaran.com\/en\/about-the-project\/#breadcrumb\"},\"inLanguage\":\"fr-FR\",\"potentialAction\":[{\"@type\":\"ReadAction\",\"target\":[\"https:\/\/upwind-catamaran.com\/en\/about-the-project\/\"]}]},{\"@type\":\"BreadcrumbList\",\"@id\":\"https:\/\/upwind-catamaran.com\/en\/about-the-project\/#breadcrumb\",\"itemListElement\":[{\"@type\":\"ListItem\",\"position\":1,\"name\":\"Home\",\"item\":\"https:\/\/upwind-catamaran.com\/\"},{\"@type\":\"ListItem\",\"position\":2,\"name\":\"ABOUT THE PROJECT\"}]},{\"@type\":\"WebSite\",\"@id\":\"https:\/\/upwind-catamaran.com\/#website\",\"url\":\"https:\/\/upwind-catamaran.com\/\",\"name\":\"UPWIND 50 ECO catamaran\",\"description\":\"catamaran cabin charter sailing vacations in Croatia skippered catamaran\",\"publisher\":{\"@id\":\"https:\/\/upwind-catamaran.com\/#organization\"},\"potentialAction\":[{\"@type\":\"SearchAction\",\"target\":{\"@type\":\"EntryPoint\",\"urlTemplate\":\"https:\/\/upwind-catamaran.com\/?s={search_term_string}\"},\"query-input\":{\"@type\":\"PropertyValueSpecification\",\"valueRequired\":true,\"valueName\":\"search_term_string\"}}],\"inLanguage\":\"fr-FR\"},{\"@type\":\"Organization\",\"@id\":\"https:\/\/upwind-catamaran.com\/#organization\",\"name\":\"UPWIND 50 ECO catamaran\",\"url\":\"https:\/\/upwind-catamaran.com\/\",\"logo\":{\"@type\":\"ImageObject\",\"inLanguage\":\"fr-FR\",\"@id\":\"https:\/\/upwind-catamaran.com\/#\/schema\/logo\/image\/\",\"url\":\"https:\/\/upwind-catamaran.com\/wp-content\/uploads\/2023\/01\/UpWind-catamaran-logo-2-2.png\",\"contentUrl\":\"https:\/\/upwind-catamaran.com\/wp-content\/uploads\/2023\/01\/UpWind-catamaran-logo-2-2.png\",\"width\":1316,\"height\":632,\"caption\":\"UPWIND 50 ECO catamaran\"},\"image\":{\"@id\":\"https:\/\/upwind-catamaran.com\/#\/schema\/logo\/image\/\"}}]}<\/script>\n<!-- \/ Yoast SEO plugin. -->","yoast_head_json":{"title":"ABOUT THE PROJECT - UPWIND 50 ECO catamaran","description":"UPWIND CATAMARAN -Introducing a new type of sailing catamaran with numerous advantages over standard catamarans.","robots":{"index":"index","follow":"follow","max-snippet":"max-snippet:-1","max-image-preview":"max-image-preview:large","max-video-preview":"max-video-preview:-1"},"canonical":"https:\/\/upwind-catamaran.com\/fr\/about-the-project\/","og_locale":"fr_FR","og_type":"article","og_title":"ABOUT THE PROJECT - UPWIND 50 ECO catamaran","og_description":"UPWIND CATAMARAN -Introducing a new type of sailing catamaran with numerous advantages over standard catamarans.","og_url":"https:\/\/upwind-catamaran.com\/fr\/about-the-project\/","og_site_name":"UPWIND 50 ECO catamaran","article_modified_time":"2025-01-15T16:30:49+00:00","og_image":[{"width":512,"height":512,"url":"https:\/\/upwind-catamaran.com\/wp-content\/uploads\/2023\/01\/cropped-UpWind-catamaran-logo-2-2.png","type":"image\/png"}],"twitter_card":"summary_large_image","twitter_misc":{"Dur\u00e9e de lecture estim\u00e9e":"2 minutes"},"schema":{"@context":"https:\/\/schema.org","@graph":[{"@type":"WebPage","@id":"https:\/\/upwind-catamaran.com\/en\/about-the-project\/","url":"https:\/\/upwind-catamaran.com\/en\/about-the-project\/","name":"ABOUT THE PROJECT - UPWIND 50 ECO catamaran","isPartOf":{"@id":"https:\/\/upwind-catamaran.com\/#website"},"datePublished":"2023-01-23T16:10:56+00:00","dateModified":"2025-01-15T16:30:49+00:00","description":"UPWIND CATAMARAN -Introducing a new type of sailing catamaran with numerous advantages over standard catamarans.","breadcrumb":{"@id":"https:\/\/upwind-catamaran.com\/en\/about-the-project\/#breadcrumb"},"inLanguage":"fr-FR","potentialAction":[{"@type":"ReadAction","target":["https:\/\/upwind-catamaran.com\/en\/about-the-project\/"]}]},{"@type":"BreadcrumbList","@id":"https:\/\/upwind-catamaran.com\/en\/about-the-project\/#breadcrumb","itemListElement":[{"@type":"ListItem","position":1,"name":"Home","item":"https:\/\/upwind-catamaran.com\/"},{"@type":"ListItem","position":2,"name":"ABOUT THE PROJECT"}]},{"@type":"WebSite","@id":"https:\/\/upwind-catamaran.com\/#website","url":"https:\/\/upwind-catamaran.com\/","name":"UPWIND 50 ECO catamaran","description":"catamaran cabin charter sailing vacations in Croatia skippered catamaran","publisher":{"@id":"https:\/\/upwind-catamaran.com\/#organization"},"potentialAction":[{"@type":"SearchAction","target":{"@type":"EntryPoint","urlTemplate":"https:\/\/upwind-catamaran.com\/?s={search_term_string}"},"query-input":{"@type":"PropertyValueSpecification","valueRequired":true,"valueName":"search_term_string"}}],"inLanguage":"fr-FR"},{"@type":"Organization","@id":"https:\/\/upwind-catamaran.com\/#organization","name":"UPWIND 50 ECO catamaran","url":"https:\/\/upwind-catamaran.com\/","logo":{"@type":"ImageObject","inLanguage":"fr-FR","@id":"https:\/\/upwind-catamaran.com\/#\/schema\/logo\/image\/","url":"https:\/\/upwind-catamaran.com\/wp-content\/uploads\/2023\/01\/UpWind-catamaran-logo-2-2.png","contentUrl":"https:\/\/upwind-catamaran.com\/wp-content\/uploads\/2023\/01\/UpWind-catamaran-logo-2-2.png","width":1316,"height":632,"caption":"UPWIND 50 ECO catamaran"},"image":{"@id":"https:\/\/upwind-catamaran.com\/#\/schema\/logo\/image\/"}}]}},"_links":{"self":[{"href":"https:\/\/upwind-catamaran.com\/fr\/wp-json\/wp\/v2\/pages\/1187","targetHints":{"allow":["GET"]}}],"collection":[{"href":"https:\/\/upwind-catamaran.com\/fr\/wp-json\/wp\/v2\/pages"}],"about":[{"href":"https:\/\/upwind-catamaran.com\/fr\/wp-json\/wp\/v2\/types\/page"}],"author":[{"embeddable":true,"href":"https:\/\/upwind-catamaran.com\/fr\/wp-json\/wp\/v2\/users\/1"}],"replies":[{"embeddable":true,"href":"https:\/\/upwind-catamaran.com\/fr\/wp-json\/wp\/v2\/comments?post=1187"}],"version-history":[{"count":50,"href":"https:\/\/upwind-catamaran.com\/fr\/wp-json\/wp\/v2\/pages\/1187\/revisions"}],"predecessor-version":[{"id":3421,"href":"https:\/\/upwind-catamaran.com\/fr\/wp-json\/wp\/v2\/pages\/1187\/revisions\/3421"}],"wp:attachment":[{"href":"https:\/\/upwind-catamaran.com\/fr\/wp-json\/wp\/v2\/media?parent=1187"}],"curies":[{"name":"wp","href":"https:\/\/api.w.org\/{rel}","templated":true}]}}