{"id":1187,"date":"2023-01-23T16:10:56","date_gmt":"2023-01-23T16:10:56","guid":{"rendered":"http:\/\/upwind-catamaran.com\/?page_id=1187"},"modified":"2025-01-15T16:30:49","modified_gmt":"2025-01-15T16:30:49","slug":"about-the-project","status":"publish","type":"page","link":"https:\/\/upwind-catamaran.com\/de\/uber-das-projekt\/","title":{"rendered":"\u00dcBER DAS PROJEKT"},"content":{"rendered":"<div data-elementor-type=\"wp-page\" data-elementor-id=\"1187\" class=\"elementor elementor-1187\">\n\t\t\t\t\t\t\t\t\t<section class=\"elementor-section elementor-top-section elementor-element elementor-element-58688588 elementor-section-height-min-height elementor-section-boxed elementor-section-height-default elementor-section-items-middle\" data-id=\"58688588\" data-element_type=\"section\" data-settings=\"{&quot;background_background&quot;:&quot;classic&quot;}\">\n\t\t\t\t\t\t\t<div class=\"elementor-background-overlay\"><\/div>\n\t\t\t\t\t\t\t<div class=\"elementor-container elementor-column-gap-default\">\n\t\t\t\t\t<div class=\"elementor-column elementor-col-100 elementor-top-column elementor-element elementor-element-6bb8198e\" data-id=\"6bb8198e\" data-element_type=\"column\">\n\t\t\t<div class=\"elementor-widget-wrap elementor-element-populated\">\n\t\t\t\t\t\t\t\t<div class=\"elementor-element elementor-element-7810cee4 de_scroll_animation_no elementor-invisible elementor-widget elementor-widget-heading\" data-id=\"7810cee4\" data-element_type=\"widget\" data-settings=\"{&quot;_animation&quot;:&quot;fadeIn&quot;}\" data-widget_type=\"heading.default\">\n\t\t\t\t<div class=\"elementor-widget-container\">\n\t\t\t<style>\/*! elementor - v3.9.0 - 06-12-2022 *\/\n.elementor-heading-title{padding:0;margin:0;line-height:1}.elementor-widget-heading .elementor-heading-title[class*=elementor-size-]>a{color:inherit;font-size:inherit;line-height:inherit}.elementor-widget-heading .elementor-heading-title.elementor-size-small{font-size:15px}.elementor-widget-heading .elementor-heading-title.elementor-size-medium{font-size:19px}.elementor-widget-heading .elementor-heading-title.elementor-size-large{font-size:29px}.elementor-widget-heading .elementor-heading-title.elementor-size-xl{font-size:39px}.elementor-widget-heading .elementor-heading-title.elementor-size-xxl{font-size:59px}<\/style><h2 class=\"elementor-heading-title elementor-size-default\">\u00dcBER DAS PROJEKT  <\/h2>\t\t<\/div>\n\t\t\t\t<\/div>\n\t\t\t\t<div class=\"elementor-element elementor-element-7dbb71b3 elementor-icon-list--layout-inline elementor-align-center elementor-list-item-link-full_width de_scroll_animation_no elementor-invisible elementor-widget elementor-widget-icon-list\" data-id=\"7dbb71b3\" data-element_type=\"widget\" data-settings=\"{&quot;_animation&quot;:&quot;fadeIn&quot;,&quot;_animation_delay&quot;:200}\" data-widget_type=\"icon-list.default\">\n\t\t\t\t<div class=\"elementor-widget-container\">\n\t\t\t<link rel=\"stylesheet\" href=\"https:\/\/upwind-catamaran.com\/wp-content\/plugins\/elementor\/assets\/css\/widget-icon-list.min.css\">\t\t<ul class=\"elementor-icon-list-items elementor-inline-items\">\n\t\t\t\t\t\t\t<li class=\"elementor-icon-list-item elementor-inline-item\">\n\t\t\t\t\t\t\t\t\t\t\t<a href=\"#\">\n\n\t\t\t\t\t\t\t\t\t\t\t<span class=\"elementor-icon-list-text\">Home<\/span>\n\t\t\t\t\t\t\t\t\t\t\t<\/a>\n\t\t\t\t\t\t\t\t\t<\/li>\n\t\t\t\t\t\t\t\t<li class=\"elementor-icon-list-item elementor-inline-item\">\n\t\t\t\t\t\t\t\t\t\t\t<span class=\"elementor-icon-list-icon\">\n\t\t\t\t\t\t\t<i aria-hidden=\"true\" class=\"icon icon-right-arrow2\"><\/i>\t\t\t\t\t\t<\/span>\n\t\t\t\t\t\t\t\t\t\t<span class=\"elementor-icon-list-text\">\u00dcBER DAS PROJEKT  <\/span>\n\t\t\t\t\t\t\t\t\t<\/li>\n\t\t\t\t\t\t<\/ul>\n\t\t\t\t<\/div>\n\t\t\t\t<\/div>\n\t\t\t\t\t<\/div>\n\t\t<\/div>\n\t\t\t\t\t\t\t<\/div>\n\t\t<\/section>\n\t\t\t\t<section class=\"elementor-section elementor-top-section elementor-element elementor-element-eb650fb elementor-section-boxed elementor-section-height-default elementor-section-height-default\" data-id=\"eb650fb\" data-element_type=\"section\">\n\t\t\t\t\t\t<div class=\"elementor-container elementor-column-gap-default\">\n\t\t\t\t\t<div class=\"elementor-column elementor-col-100 elementor-top-column elementor-element elementor-element-86683d0\" data-id=\"86683d0\" data-element_type=\"column\">\n\t\t\t<div class=\"elementor-widget-wrap elementor-element-populated\">\n\t\t\t\t\t\t\t\t<div class=\"elementor-element elementor-element-a727aa8 de_scroll_animation_no elementor-widget elementor-widget-spacer\" data-id=\"a727aa8\" data-element_type=\"widget\" data-widget_type=\"spacer.default\">\n\t\t\t\t<div class=\"elementor-widget-container\">\n\t\t\t<style>\/*! elementor - v3.9.0 - 06-12-2022 *\/\n.elementor-column .elementor-spacer-inner{height:var(--spacer-size)}.e-con{--container-widget-width:100%}.e-con-inner>.elementor-widget-spacer,.e-con>.elementor-widget-spacer{width:var(--container-widget-width,var(--spacer-size));--align-self:var(--container-widget-align-self,initial);--flex-shrink:0}.e-con-inner>.elementor-widget-spacer>.elementor-widget-container,.e-con-inner>.elementor-widget-spacer>.elementor-widget-container>.elementor-spacer,.e-con>.elementor-widget-spacer>.elementor-widget-container,.e-con>.elementor-widget-spacer>.elementor-widget-container>.elementor-spacer{height:100%}.e-con-inner>.elementor-widget-spacer>.elementor-widget-container>.elementor-spacer>.elementor-spacer-inner,.e-con>.elementor-widget-spacer>.elementor-widget-container>.elementor-spacer>.elementor-spacer-inner{height:var(--container-widget-height,var(--spacer-size))}<\/style>\t\t<div class=\"elementor-spacer\">\n\t\t\t<div class=\"elementor-spacer-inner\"><\/div>\n\t\t<\/div>\n\t\t\t\t<\/div>\n\t\t\t\t<\/div>\n\t\t\t\t\t<\/div>\n\t\t<\/div>\n\t\t\t\t\t\t\t<\/div>\n\t\t<\/section>\n\t\t\t\t<section class=\"elementor-section elementor-top-section elementor-element elementor-element-fd52c1b elementor-section-boxed elementor-section-height-default elementor-section-height-default\" data-id=\"fd52c1b\" data-element_type=\"section\">\n\t\t\t\t\t\t<div class=\"elementor-container elementor-column-gap-default\">\n\t\t\t\t\t<div class=\"elementor-column elementor-col-100 elementor-top-column elementor-element elementor-element-b90a8b4\" data-id=\"b90a8b4\" data-element_type=\"column\">\n\t\t\t<div class=\"elementor-widget-wrap elementor-element-populated\">\n\t\t\t\t\t\t\t\t<div class=\"elementor-element elementor-element-eab1c35 de_scroll_animation_no elementor-widget elementor-widget-text-editor\" data-id=\"eab1c35\" data-element_type=\"widget\" data-widget_type=\"text-editor.default\">\n\t\t\t\t<div class=\"elementor-widget-container\">\n\t\t\t<style>\/*! elementor - v3.9.0 - 06-12-2022 *\/\n.elementor-widget-text-editor.elementor-drop-cap-view-stacked .elementor-drop-cap{background-color:#818a91;color:#fff}.elementor-widget-text-editor.elementor-drop-cap-view-framed .elementor-drop-cap{color:#818a91;border:3px solid;background-color:transparent}.elementor-widget-text-editor:not(.elementor-drop-cap-view-default) .elementor-drop-cap{margin-top:8px}.elementor-widget-text-editor:not(.elementor-drop-cap-view-default) .elementor-drop-cap-letter{width:1em;height:1em}.elementor-widget-text-editor .elementor-drop-cap{float:left;text-align:center;line-height:1;font-size:50px}.elementor-widget-text-editor .elementor-drop-cap-letter{display:inline-block}<\/style>\t\t\t\t<p>Unsere Mission ist es, Kabinencharter in Kroatien neu zu definieren, indem wir unvergessliche Reisen an Bord unseres umweltfreundlichen Katamarans Croatia anbieten. Mit einem Fokus auf Nachhaltigkeit und au\u00dfergew\u00f6hnlichem Service verspricht unser Katamaran-Kabinencharter in Kroatien sowohl Luxus als auch Umweltverantwortung.<\/p><p class=\" translation-block\">Die eigentliche Produktion von Katamaranen ist bereits f\u00fcr die Branche der Charterung von Privatkunden bestimmt und basiert auf Konzeptionsmodellen, Konzeption und Entwicklung zwischen 35 und 40 Jahren. Dar\u00fcber hinaus verwenden die Hersteller von Katamaranen f\u00fcr die Herstellung von Materialien aus Glas-\/Polymerfasern gef\u00e4hrliche Umweltgefahren, da sie keine wiederverwertbaren Stoffe enthalten, da Monocoques und Katamarane aufgrund von D\u00e9chets in den Schiffsfriedh\u00f6fen fertig sind <a href=\"https:\/\/upwind-catamaran.com\/wp-content \/uploads\/2023\/01\/boat_graveyard.jpg\" target=\"_blank\" rel=\"noopener\"><strong><span style=\"color: #000000\">(Bild des Friedhofs)<\/span><\/strong><\/a> Eine Person hat keine Kommentare zur L\u00f6sung dieses Umweltproblems abgegeben.<\/p><p><span style=\"color: var( --e-global-color-text ); font-family: var( --e-global-typography-text-font-family ), Sans-serif; font-size: var( --e-global-typography-text-font-size ); font-style: var( --e-global-typography-text-font-style ); font-weight: var( --e-global-typography-text-font-weight ); text-transform: var( --e-global-typography-text-text-transform );\">Der Aluminium-Katamaran \"UPWIND 50 ECO\" hat eine Lebensdauer von \u00fcber 80 Jahren und der Rumpf kann zu 100% recycelt werden. Charterkunden oder private K\u00e4ufer von Booten \/ Katamaranen verlangen umweltfreundlichere Standards, die mit den aktuellen Konstruktionsmaterialien, die von anderen Herstellern verwendet werden, sehr schwierig oder unm\u00f6glich zu erreichen sind.<\/span><\/p><p><span style=\"color: var( --e-global-color-text ); font-family: var( --e-global-typography-text-font-family ), Sans-serif; font-size: var( --e-global-typography-text-font-size ); font-style: var( --e-global-typography-text-font-style ); font-weight: var( --e-global-typography-text-font-weight ); text-transform: var( --e-global-typography-text-text-transform );\">Der Katamaran UPWIND 50 ECO wurde in einer kroatischen Werft konstruiert und gebaut, die auf die Herstellung von Aluminiumbooten spezialisiert ist, unter der Aufsicht des CROATIAN REGISTER OF SHIPPING ( CRS ), einer staatlichen Beh\u00f6rde, die Mitglied der International Association of Classification Societies ( IACS ) ist. Das Projekt wurde vom Europ\u00e4ischen Fonds f\u00fcr regionale Entwicklung im Rahmen des operationellen Programms \"Wettbewerbsf\u00e4higkeit und Koh\u00e4sion\" der Initiative \"Innovation und Entwicklung\" unterst\u00fctzt.<\/span><\/p>\t\t\t\t\t\t<\/div>\n\t\t\t\t<\/div>\n\t\t\t\t<section class=\"elementor-section elementor-inner-section elementor-element elementor-element-9be38b7 elementor-section-boxed elementor-section-height-default elementor-section-height-default\" data-id=\"9be38b7\" data-element_type=\"section\">\n\t\t\t\t\t\t<div class=\"elementor-container elementor-column-gap-default\">\n\t\t\t\t\t<div class=\"elementor-column elementor-col-33 elementor-inner-column elementor-element elementor-element-16b91b4\" data-id=\"16b91b4\" data-element_type=\"column\">\n\t\t\t<div class=\"elementor-widget-wrap elementor-element-populated\">\n\t\t\t\t\t\t\t\t<div class=\"elementor-element elementor-element-411fca0 elementor-align-center de_scroll_animation_no elementor-invisible elementor-widget elementor-widget-button\" data-id=\"411fca0\" data-element_type=\"widget\" data-settings=\"{&quot;_animation&quot;:&quot;fadeIn&quot;,&quot;_animation_delay&quot;:600}\" data-widget_type=\"button.default\">\n\t\t\t\t<div class=\"elementor-widget-container\">\n\t\t\t\t\t<div class=\"elementor-button-wrapper\">\n\t\t\t<a href=\"https:\/\/upwind-catamaran.com\/de\/ein-boot-chartern\/\" class=\"elementor-button-link elementor-button elementor-size-sm\" role=\"button\">\n\t\t\t\t\t\t<span class=\"elementor-button-content-wrapper\">\n\t\t\t\t\t\t<span class=\"elementor-button-text\">BOOT CHARTERN  <\/span>\n\t\t<\/span>\n\t\t\t\t\t<\/a>\n\t\t<\/div>\n\t\t\t\t<\/div>\n\t\t\t\t<\/div>\n\t\t\t\t\t<\/div>\n\t\t<\/div>\n\t\t\t\t<div class=\"elementor-column elementor-col-33 elementor-inner-column elementor-element elementor-element-44225e8\" data-id=\"44225e8\" data-element_type=\"column\">\n\t\t\t<div class=\"elementor-widget-wrap elementor-element-populated\">\n\t\t\t\t\t\t\t\t<div class=\"elementor-element elementor-element-d3d7715 elementor-align-center de_scroll_animation_no elementor-invisible elementor-widget elementor-widget-button\" data-id=\"d3d7715\" data-element_type=\"widget\" data-settings=\"{&quot;_animation&quot;:&quot;fadeIn&quot;,&quot;_animation_delay&quot;:600}\" data-widget_type=\"button.default\">\n\t\t\t\t<div class=\"elementor-widget-container\">\n\t\t\t\t\t<div class=\"elementor-button-wrapper\">\n\t\t\t<a href=\"https:\/\/upwind-catamaran.com\/de\/unterkunft\/\" class=\"elementor-button-link elementor-button elementor-size-sm\" role=\"button\">\n\t\t\t\t\t\t<span class=\"elementor-button-content-wrapper\">\n\t\t\t\t\t\t<span class=\"elementor-button-text\">UNTERKUNFT  <\/span>\n\t\t<\/span>\n\t\t\t\t\t<\/a>\n\t\t<\/div>\n\t\t\t\t<\/div>\n\t\t\t\t<\/div>\n\t\t\t\t\t<\/div>\n\t\t<\/div>\n\t\t\t\t<div class=\"elementor-column elementor-col-33 elementor-inner-column elementor-element elementor-element-7746939\" data-id=\"7746939\" data-element_type=\"column\">\n\t\t\t<div class=\"elementor-widget-wrap elementor-element-populated\">\n\t\t\t\t\t\t\t\t<div class=\"elementor-element elementor-element-0f14904 elementor-align-center de_scroll_animation_no elementor-invisible elementor-widget elementor-widget-button\" data-id=\"0f14904\" data-element_type=\"widget\" data-settings=\"{&quot;_animation&quot;:&quot;fadeIn&quot;,&quot;_animation_delay&quot;:600}\" data-widget_type=\"button.default\">\n\t\t\t\t<div class=\"elementor-widget-container\">\n\t\t\t\t\t<div class=\"elementor-button-wrapper\">\n\t\t\t<a href=\"https:\/\/upwind-catamaran.com\/de\/specifications\/\" class=\"elementor-button-link elementor-button elementor-size-sm\" role=\"button\">\n\t\t\t\t\t\t<span class=\"elementor-button-content-wrapper\">\n\t\t\t\t\t\t<span class=\"elementor-button-text\">SPEZIFIKATIONEN<\/span>\n\t\t<\/span>\n\t\t\t\t\t<\/a>\n\t\t<\/div>\n\t\t\t\t<\/div>\n\t\t\t\t<\/div>\n\t\t\t\t\t<\/div>\n\t\t<\/div>\n\t\t\t\t\t\t\t<\/div>\n\t\t<\/section>\n\t\t\t\t\t<\/div>\n\t\t<\/div>\n\t\t\t\t\t\t\t<\/div>\n\t\t<\/section>\n\t\t\t\t\t\t\t<\/div>","protected":false},"excerpt":{"rendered":"<p>ABOUT THE PROJECT Home ABOUT THE PROJECT Our mission is to redefine cabin charter Croatia by offering unforgettable journeys aboard our eco-friendly catamaran Croatia. With a focus on sustainability and exceptional service, our catamaran cabin charter Croatia promises both luxury and environmental responsibility. The existing production of sailing catamarans, made for charter industry or private [&hellip;]<\/p>","protected":false},"author":1,"featured_media":0,"parent":0,"menu_order":0,"comment_status":"closed","ping_status":"closed","template":"elementor_header_footer","meta":{"om_disable_all_campaigns":false,"_monsterinsights_skip_tracking":false,"_monsterinsights_sitenote_active":false,"_monsterinsights_sitenote_note":"","_monsterinsights_sitenote_category":0,"footnotes":""},"class_list":["post-1187","page","type-page","status-publish","hentry"],"yoast_head":"<!-- This site is optimized with the Yoast SEO plugin v24.3 - https:\/\/yoast.com\/wordpress\/plugins\/seo\/ -->\n<title>ABOUT THE PROJECT - UPWIND 50 ECO catamaran<\/title>\n<meta name=\"description\" content=\"UPWIND CATAMARAN -Introducing a new type of sailing catamaran with numerous advantages over standard catamarans.\" \/>\n<meta name=\"robots\" content=\"index, follow, max-snippet:-1, max-image-preview:large, max-video-preview:-1\" \/>\n<link rel=\"canonical\" href=\"https:\/\/upwind-catamaran.com\/de\/uber-das-projekt\/\" \/>\n<meta property=\"og:locale\" content=\"de_DE\" \/>\n<meta property=\"og:type\" content=\"article\" \/>\n<meta property=\"og:title\" content=\"ABOUT THE PROJECT - UPWIND 50 ECO catamaran\" \/>\n<meta property=\"og:description\" content=\"UPWIND CATAMARAN -Introducing a new type of sailing catamaran with numerous advantages over standard catamarans.\" \/>\n<meta property=\"og:url\" content=\"https:\/\/upwind-catamaran.com\/de\/uber-das-projekt\/\" \/>\n<meta property=\"og:site_name\" content=\"UPWIND 50 ECO catamaran\" \/>\n<meta property=\"article:modified_time\" content=\"2025-01-15T16:30:49+00:00\" \/>\n<meta property=\"og:image\" content=\"https:\/\/upwind-catamaran.com\/wp-content\/uploads\/2023\/01\/cropped-UpWind-catamaran-logo-2-2.png\" \/>\n\t<meta property=\"og:image:width\" content=\"512\" \/>\n\t<meta property=\"og:image:height\" content=\"512\" \/>\n\t<meta property=\"og:image:type\" content=\"image\/png\" \/>\n<meta name=\"twitter:card\" content=\"summary_large_image\" \/>\n<meta name=\"twitter:label1\" content=\"Gesch\u00e4tzte Lesezeit\" \/>\n\t<meta name=\"twitter:data1\" content=\"2\u00a0Minuten\" \/>\n<script type=\"application\/ld+json\" class=\"yoast-schema-graph\">{\"@context\":\"https:\/\/schema.org\",\"@graph\":[{\"@type\":\"WebPage\",\"@id\":\"https:\/\/upwind-catamaran.com\/en\/about-the-project\/\",\"url\":\"https:\/\/upwind-catamaran.com\/en\/about-the-project\/\",\"name\":\"ABOUT THE PROJECT - UPWIND 50 ECO catamaran\",\"isPartOf\":{\"@id\":\"https:\/\/upwind-catamaran.com\/#website\"},\"datePublished\":\"2023-01-23T16:10:56+00:00\",\"dateModified\":\"2025-01-15T16:30:49+00:00\",\"description\":\"UPWIND CATAMARAN -Introducing a new type of sailing catamaran with numerous advantages over standard catamarans.\",\"breadcrumb\":{\"@id\":\"https:\/\/upwind-catamaran.com\/en\/about-the-project\/#breadcrumb\"},\"inLanguage\":\"de\",\"potentialAction\":[{\"@type\":\"ReadAction\",\"target\":[\"https:\/\/upwind-catamaran.com\/en\/about-the-project\/\"]}]},{\"@type\":\"BreadcrumbList\",\"@id\":\"https:\/\/upwind-catamaran.com\/en\/about-the-project\/#breadcrumb\",\"itemListElement\":[{\"@type\":\"ListItem\",\"position\":1,\"name\":\"Home\",\"item\":\"https:\/\/upwind-catamaran.com\/\"},{\"@type\":\"ListItem\",\"position\":2,\"name\":\"ABOUT THE PROJECT\"}]},{\"@type\":\"WebSite\",\"@id\":\"https:\/\/upwind-catamaran.com\/#website\",\"url\":\"https:\/\/upwind-catamaran.com\/\",\"name\":\"UPWIND 50 ECO catamaran\",\"description\":\"catamaran cabin charter sailing vacations in Croatia skippered catamaran\",\"publisher\":{\"@id\":\"https:\/\/upwind-catamaran.com\/#organization\"},\"potentialAction\":[{\"@type\":\"SearchAction\",\"target\":{\"@type\":\"EntryPoint\",\"urlTemplate\":\"https:\/\/upwind-catamaran.com\/?s={search_term_string}\"},\"query-input\":{\"@type\":\"PropertyValueSpecification\",\"valueRequired\":true,\"valueName\":\"search_term_string\"}}],\"inLanguage\":\"de\"},{\"@type\":\"Organization\",\"@id\":\"https:\/\/upwind-catamaran.com\/#organization\",\"name\":\"UPWIND 50 ECO catamaran\",\"url\":\"https:\/\/upwind-catamaran.com\/\",\"logo\":{\"@type\":\"ImageObject\",\"inLanguage\":\"de\",\"@id\":\"https:\/\/upwind-catamaran.com\/#\/schema\/logo\/image\/\",\"url\":\"https:\/\/upwind-catamaran.com\/wp-content\/uploads\/2023\/01\/UpWind-catamaran-logo-2-2.png\",\"contentUrl\":\"https:\/\/upwind-catamaran.com\/wp-content\/uploads\/2023\/01\/UpWind-catamaran-logo-2-2.png\",\"width\":1316,\"height\":632,\"caption\":\"UPWIND 50 ECO catamaran\"},\"image\":{\"@id\":\"https:\/\/upwind-catamaran.com\/#\/schema\/logo\/image\/\"}}]}<\/script>\n<!-- \/ Yoast SEO plugin. -->","yoast_head_json":{"title":"ABOUT THE PROJECT - UPWIND 50 ECO catamaran","description":"UPWIND CATAMARAN -Introducing a new type of sailing catamaran with numerous advantages over standard catamarans.","robots":{"index":"index","follow":"follow","max-snippet":"max-snippet:-1","max-image-preview":"max-image-preview:large","max-video-preview":"max-video-preview:-1"},"canonical":"https:\/\/upwind-catamaran.com\/de\/uber-das-projekt\/","og_locale":"de_DE","og_type":"article","og_title":"ABOUT THE PROJECT - UPWIND 50 ECO catamaran","og_description":"UPWIND CATAMARAN -Introducing a new type of sailing catamaran with numerous advantages over standard catamarans.","og_url":"https:\/\/upwind-catamaran.com\/de\/uber-das-projekt\/","og_site_name":"UPWIND 50 ECO catamaran","article_modified_time":"2025-01-15T16:30:49+00:00","og_image":[{"width":512,"height":512,"url":"https:\/\/upwind-catamaran.com\/wp-content\/uploads\/2023\/01\/cropped-UpWind-catamaran-logo-2-2.png","type":"image\/png"}],"twitter_card":"summary_large_image","twitter_misc":{"Gesch\u00e4tzte Lesezeit":"2\u00a0Minuten"},"schema":{"@context":"https:\/\/schema.org","@graph":[{"@type":"WebPage","@id":"https:\/\/upwind-catamaran.com\/en\/about-the-project\/","url":"https:\/\/upwind-catamaran.com\/en\/about-the-project\/","name":"ABOUT THE PROJECT - UPWIND 50 ECO catamaran","isPartOf":{"@id":"https:\/\/upwind-catamaran.com\/#website"},"datePublished":"2023-01-23T16:10:56+00:00","dateModified":"2025-01-15T16:30:49+00:00","description":"UPWIND CATAMARAN -Introducing a new type of sailing catamaran with numerous advantages over standard catamarans.","breadcrumb":{"@id":"https:\/\/upwind-catamaran.com\/en\/about-the-project\/#breadcrumb"},"inLanguage":"de","potentialAction":[{"@type":"ReadAction","target":["https:\/\/upwind-catamaran.com\/en\/about-the-project\/"]}]},{"@type":"BreadcrumbList","@id":"https:\/\/upwind-catamaran.com\/en\/about-the-project\/#breadcrumb","itemListElement":[{"@type":"ListItem","position":1,"name":"Home","item":"https:\/\/upwind-catamaran.com\/"},{"@type":"ListItem","position":2,"name":"ABOUT THE PROJECT"}]},{"@type":"WebSite","@id":"https:\/\/upwind-catamaran.com\/#website","url":"https:\/\/upwind-catamaran.com\/","name":"UPWIND 50 ECO catamaran","description":"catamaran cabin charter sailing vacations in Croatia skippered catamaran","publisher":{"@id":"https:\/\/upwind-catamaran.com\/#organization"},"potentialAction":[{"@type":"SearchAction","target":{"@type":"EntryPoint","urlTemplate":"https:\/\/upwind-catamaran.com\/?s={search_term_string}"},"query-input":{"@type":"PropertyValueSpecification","valueRequired":true,"valueName":"search_term_string"}}],"inLanguage":"de"},{"@type":"Organization","@id":"https:\/\/upwind-catamaran.com\/#organization","name":"UPWIND 50 ECO catamaran","url":"https:\/\/upwind-catamaran.com\/","logo":{"@type":"ImageObject","inLanguage":"de","@id":"https:\/\/upwind-catamaran.com\/#\/schema\/logo\/image\/","url":"https:\/\/upwind-catamaran.com\/wp-content\/uploads\/2023\/01\/UpWind-catamaran-logo-2-2.png","contentUrl":"https:\/\/upwind-catamaran.com\/wp-content\/uploads\/2023\/01\/UpWind-catamaran-logo-2-2.png","width":1316,"height":632,"caption":"UPWIND 50 ECO catamaran"},"image":{"@id":"https:\/\/upwind-catamaran.com\/#\/schema\/logo\/image\/"}}]}},"_links":{"self":[{"href":"https:\/\/upwind-catamaran.com\/de\/wp-json\/wp\/v2\/pages\/1187","targetHints":{"allow":["GET"]}}],"collection":[{"href":"https:\/\/upwind-catamaran.com\/de\/wp-json\/wp\/v2\/pages"}],"about":[{"href":"https:\/\/upwind-catamaran.com\/de\/wp-json\/wp\/v2\/types\/page"}],"author":[{"embeddable":true,"href":"https:\/\/upwind-catamaran.com\/de\/wp-json\/wp\/v2\/users\/1"}],"replies":[{"embeddable":true,"href":"https:\/\/upwind-catamaran.com\/de\/wp-json\/wp\/v2\/comments?post=1187"}],"version-history":[{"count":50,"href":"https:\/\/upwind-catamaran.com\/de\/wp-json\/wp\/v2\/pages\/1187\/revisions"}],"predecessor-version":[{"id":3421,"href":"https:\/\/upwind-catamaran.com\/de\/wp-json\/wp\/v2\/pages\/1187\/revisions\/3421"}],"wp:attachment":[{"href":"https:\/\/upwind-catamaran.com\/de\/wp-json\/wp\/v2\/media?parent=1187"}],"curies":[{"name":"wp","href":"https:\/\/api.w.org\/{rel}","templated":true}]}}