{"id":262,"date":"2023-01-10T12:57:38","date_gmt":"2023-01-10T12:57:38","guid":{"rendered":"http:\/\/upwind-catamaran.com\/?page_id=262"},"modified":"2024-10-14T17:44:14","modified_gmt":"2024-10-14T17:44:14","slug":"sailing-equipment","status":"publish","type":"page","link":"https:\/\/upwind-catamaran.com\/cs\/sailing-equipment\/","title":{"rendered":"PLACHTA\u0158SK\u00c9 VYBAVEN\u00cd"},"content":{"rendered":"<div data-elementor-type=\"wp-page\" data-elementor-id=\"262\" class=\"elementor elementor-262\">\n\t\t\t\t\t\t\t\t\t<section class=\"elementor-section elementor-top-section elementor-element elementor-element-1f47b821 elementor-section-height-min-height elementor-section-boxed elementor-section-height-default elementor-section-items-middle\" data-id=\"1f47b821\" data-element_type=\"section\" data-settings=\"{&quot;background_background&quot;:&quot;classic&quot;}\">\n\t\t\t\t\t\t\t<div class=\"elementor-background-overlay\"><\/div>\n\t\t\t\t\t\t\t<div class=\"elementor-container elementor-column-gap-default\">\n\t\t\t\t\t<div class=\"elementor-column elementor-col-100 elementor-top-column elementor-element elementor-element-6bd07b40\" data-id=\"6bd07b40\" data-element_type=\"column\">\n\t\t\t<div class=\"elementor-widget-wrap elementor-element-populated\">\n\t\t\t\t\t\t\t\t<div class=\"elementor-element elementor-element-53280ac3 de_scroll_animation_no elementor-invisible elementor-widget elementor-widget-heading\" data-id=\"53280ac3\" data-element_type=\"widget\" data-settings=\"{&quot;_animation&quot;:&quot;fadeIn&quot;}\" data-widget_type=\"heading.default\">\n\t\t\t\t<div class=\"elementor-widget-container\">\n\t\t\t<style>\/*! elementor - v3.9.0 - 06-12-2022 *\/\n.elementor-heading-title{padding:0;margin:0;line-height:1}.elementor-widget-heading .elementor-heading-title[class*=elementor-size-]>a{color:inherit;font-size:inherit;line-height:inherit}.elementor-widget-heading .elementor-heading-title.elementor-size-small{font-size:15px}.elementor-widget-heading .elementor-heading-title.elementor-size-medium{font-size:19px}.elementor-widget-heading .elementor-heading-title.elementor-size-large{font-size:29px}.elementor-widget-heading .elementor-heading-title.elementor-size-xl{font-size:39px}.elementor-widget-heading .elementor-heading-title.elementor-size-xxl{font-size:59px}<\/style><h2 class=\"elementor-heading-title elementor-size-default\">PLACHTA\u0158SK\u00c9 VYBAVEN\u00cd<\/h2>\t\t<\/div>\n\t\t\t\t<\/div>\n\t\t\t\t<div class=\"elementor-element elementor-element-58f1ddb5 elementor-icon-list--layout-inline elementor-align-center elementor-list-item-link-full_width de_scroll_animation_no elementor-invisible elementor-widget elementor-widget-icon-list\" data-id=\"58f1ddb5\" data-element_type=\"widget\" data-settings=\"{&quot;_animation&quot;:&quot;fadeIn&quot;,&quot;_animation_delay&quot;:200}\" data-widget_type=\"icon-list.default\">\n\t\t\t\t<div class=\"elementor-widget-container\">\n\t\t\t<link rel=\"stylesheet\" href=\"https:\/\/upwind-catamaran.com\/wp-content\/plugins\/elementor\/assets\/css\/widget-icon-list.min.css\">\t\t<ul class=\"elementor-icon-list-items elementor-inline-items\">\n\t\t\t\t\t\t\t<li class=\"elementor-icon-list-item elementor-inline-item\">\n\t\t\t\t\t\t\t\t\t\t\t<a href=\"#\">\n\n\t\t\t\t\t\t\t\t\t\t\t<span class=\"elementor-icon-list-text\">Home<\/span>\n\t\t\t\t\t\t\t\t\t\t\t<\/a>\n\t\t\t\t\t\t\t\t\t<\/li>\n\t\t\t\t\t\t\t\t<li class=\"elementor-icon-list-item elementor-inline-item\">\n\t\t\t\t\t\t\t\t\t\t\t<span class=\"elementor-icon-list-icon\">\n\t\t\t\t\t\t\t<i aria-hidden=\"true\" class=\"icon icon-right-arrow2\"><\/i>\t\t\t\t\t\t<\/span>\n\t\t\t\t\t\t\t\t\t\t<span class=\"elementor-icon-list-text\">PLACHTA\u0158SK\u00c9 VYBAVEN\u00cd<\/span>\n\t\t\t\t\t\t\t\t\t<\/li>\n\t\t\t\t\t\t<\/ul>\n\t\t\t\t<\/div>\n\t\t\t\t<\/div>\n\t\t\t\t\t<\/div>\n\t\t<\/div>\n\t\t\t\t\t\t\t<\/div>\n\t\t<\/section>\n\t\t\t\t<section class=\"elementor-section elementor-top-section elementor-element elementor-element-2b71db1c elementor-section-boxed elementor-section-height-default elementor-section-height-default\" data-id=\"2b71db1c\" data-element_type=\"section\">\n\t\t\t\t\t\t<div class=\"elementor-container elementor-column-gap-default\">\n\t\t\t\t\t<div class=\"elementor-column elementor-col-100 elementor-top-column elementor-element elementor-element-46cb4cb8\" data-id=\"46cb4cb8\" data-element_type=\"column\">\n\t\t\t<div class=\"elementor-widget-wrap elementor-element-populated\">\n\t\t\t\t\t\t\t\t<div class=\"elementor-element elementor-element-23e97aef elementor-widget-divider--view-line_text elementor-widget-divider--element-align-right de_scroll_animation_no elementor-invisible elementor-widget elementor-widget-divider\" data-id=\"23e97aef\" data-element_type=\"widget\" data-settings=\"{&quot;_animation&quot;:&quot;fadeIn&quot;}\" data-widget_type=\"divider.default\">\n\t\t\t\t<div class=\"elementor-widget-container\">\n\t\t\t<style>\/*! elementor - v3.9.0 - 06-12-2022 *\/\n.elementor-widget-divider{--divider-border-style:none;--divider-border-width:1px;--divider-color:#2c2c2c;--divider-icon-size:20px;--divider-element-spacing:10px;--divider-pattern-height:24px;--divider-pattern-size:20px;--divider-pattern-url:none;--divider-pattern-repeat:repeat-x}.elementor-widget-divider .elementor-divider{display:flex}.elementor-widget-divider .elementor-divider__text{font-size:15px;line-height:1;max-width:95%}.elementor-widget-divider .elementor-divider__element{margin:0 var(--divider-element-spacing);flex-shrink:0}.elementor-widget-divider .elementor-icon{font-size:var(--divider-icon-size)}.elementor-widget-divider .elementor-divider-separator{display:flex;margin:0;direction:ltr}.elementor-widget-divider--view-line_icon .elementor-divider-separator,.elementor-widget-divider--view-line_text .elementor-divider-separator{align-items:center}.elementor-widget-divider--view-line_icon .elementor-divider-separator:after,.elementor-widget-divider--view-line_icon .elementor-divider-separator:before,.elementor-widget-divider--view-line_text .elementor-divider-separator:after,.elementor-widget-divider--view-line_text .elementor-divider-separator:before{display:block;content:\"\";border-bottom:0;flex-grow:1;border-top:var(--divider-border-width) var(--divider-border-style) var(--divider-color)}.elementor-widget-divider--element-align-left .elementor-divider .elementor-divider-separator>.elementor-divider__svg:first-of-type{flex-grow:0;flex-shrink:100}.elementor-widget-divider--element-align-left .elementor-divider-separator:before{content:none}.elementor-widget-divider--element-align-left .elementor-divider__element{margin-left:0}.elementor-widget-divider--element-align-right .elementor-divider .elementor-divider-separator>.elementor-divider__svg:last-of-type{flex-grow:0;flex-shrink:100}.elementor-widget-divider--element-align-right .elementor-divider-separator:after{content:none}.elementor-widget-divider--element-align-right .elementor-divider__element{margin-right:0}.elementor-widget-divider:not(.elementor-widget-divider--view-line_text):not(.elementor-widget-divider--view-line_icon) .elementor-divider-separator{border-top:var(--divider-border-width) var(--divider-border-style) var(--divider-color)}.elementor-widget-divider--separator-type-pattern{--divider-border-style:none}.elementor-widget-divider--separator-type-pattern.elementor-widget-divider--view-line .elementor-divider-separator,.elementor-widget-divider--separator-type-pattern:not(.elementor-widget-divider--view-line) .elementor-divider-separator:after,.elementor-widget-divider--separator-type-pattern:not(.elementor-widget-divider--view-line) .elementor-divider-separator:before,.elementor-widget-divider--separator-type-pattern:not([class*=elementor-widget-divider--view]) .elementor-divider-separator{width:100%;min-height:var(--divider-pattern-height);-webkit-mask-size:var(--divider-pattern-size) 100%;mask-size:var(--divider-pattern-size) 100%;-webkit-mask-repeat:var(--divider-pattern-repeat);mask-repeat:var(--divider-pattern-repeat);background-color:var(--divider-color);-webkit-mask-image:var(--divider-pattern-url);mask-image:var(--divider-pattern-url)}.elementor-widget-divider--no-spacing{--divider-pattern-size:auto}.elementor-widget-divider--bg-round{--divider-pattern-repeat:round}.rtl .elementor-widget-divider .elementor-divider__text{direction:rtl}.e-con-inner>.elementor-widget-divider,.e-con>.elementor-widget-divider{width:var(--container-widget-width);--flex-grow:var(--container-widget-flex-grow)}<\/style>\t\t<div class=\"elementor-divider\">\n\t\t\t<span class=\"elementor-divider-separator\">\n\t\t\t\t\t\t\t<span class=\"elementor-divider__text elementor-divider__element\">\n\t\t\t\tUPWIND 50 ECO KATAMAR\u00c1N\t\t\t\t<\/span>\n\t\t\t\t\t\t<\/span>\n\t\t<\/div>\n\t\t\t\t<\/div>\n\t\t\t\t<\/div>\n\t\t\t\t<div class=\"elementor-element elementor-element-486b37e9 de_scroll_animation_no elementor-invisible elementor-widget elementor-widget-heading\" data-id=\"486b37e9\" data-element_type=\"widget\" data-settings=\"{&quot;_animation&quot;:&quot;fadeIn&quot;,&quot;_animation_delay&quot;:200}\" data-widget_type=\"heading.default\">\n\t\t\t\t<div class=\"elementor-widget-container\">\n\t\t\t<h2 class=\"elementor-heading-title elementor-size-default\">\nVybaven\u00ed pro placht\u011bn\u00ed\n<\/h2>\t\t<\/div>\n\t\t\t\t<\/div>\n\t\t\t\t<div class=\"elementor-element elementor-element-65bc819d de_scroll_animation_no elementor-invisible elementor-widget elementor-widget-text-editor\" data-id=\"65bc819d\" data-element_type=\"widget\" data-settings=\"{&quot;_animation&quot;:&quot;fadeIn&quot;,&quot;_animation_delay&quot;:400}\" data-widget_type=\"text-editor.default\">\n\t\t\t\t<div class=\"elementor-widget-container\">\n\t\t\t<style>\/*! elementor - v3.9.0 - 06-12-2022 *\/\n.elementor-widget-text-editor.elementor-drop-cap-view-stacked .elementor-drop-cap{background-color:#818a91;color:#fff}.elementor-widget-text-editor.elementor-drop-cap-view-framed .elementor-drop-cap{color:#818a91;border:3px solid;background-color:transparent}.elementor-widget-text-editor:not(.elementor-drop-cap-view-default) .elementor-drop-cap{margin-top:8px}.elementor-widget-text-editor:not(.elementor-drop-cap-view-default) .elementor-drop-cap-letter{width:1em;height:1em}.elementor-widget-text-editor .elementor-drop-cap{float:left;text-align:center;line-height:1;font-size:50px}.elementor-widget-text-editor .elementor-drop-cap-letter{display:inline-block}<\/style>\t\t\t\t<p>On board the UPWIND 50 ECO catamaran, you can expect to find a variety of sailing equipment to help you navigate the waters and enjoy your <strong>kajutov\u00e9 charterov\u00e9 jachtingov\u00e9 dovolen\u00e9 v Chorvatsku<\/strong>. The hulls are only 130 cm wide, allowing <strong>excellent hydrodynamic<\/strong>\u00a0properties.<\/p><p class=\" translation-block\">St\u011b\u017ee\u0148 je vysok\u00fd 21,85 metru a m\u00e1 speci\u00e1ln\u00ed konstrukci, kter\u00e1 umo\u017e\u0148uje\u00a0<strong>nep\u0159eru\u0161ovan\u00e9 proud\u011bn\u00ed vzduchu k hlavn\u00ed placht\u011b<\/strong>, co\u017e vede ke zv\u00fd\u0161en\u00ed \u00fa\u010dinnosti. Hlavn\u00ed plachta m\u00e1 plochu <strong>89<\/strong>m2 (pln\u00e1 la\u0165), svinut\u00e1 genova m\u00e1 plochu <strong>86<\/strong>m\u00b2 a svinut\u00e1 asymetrick\u00fd spinakr m\u00e1 plochu <strong>190<\/strong>m2 se v\u0161emi plachtami upraven\u00fdmi pro \u201es\u00f3lo plavbu\u201c. <strong>3 \u0161pi\u010dkov\u00e9 Pontos \u2013 4 rychlostn\u00ed navij\u00e1ky<\/strong>, kter\u00e9 se st\u00e1le \u010dast\u011bji pou\u017e\u00edvaj\u00ed na z\u00e1vodn\u00edch plachetnic\u00edch, umo\u017e\u0148uj\u00ed kapit\u00e1novi snadno ovl\u00e1dat plachty.<\/p>\t\t\t\t\t\t<\/div>\n\t\t\t\t<\/div>\n\t\t\t\t\t<\/div>\n\t\t<\/div>\n\t\t\t\t\t\t\t<\/div>\n\t\t<\/section>\n\t\t\t\t<section class=\"elementor-section elementor-top-section elementor-element elementor-element-bcca401 elementor-section-boxed elementor-section-height-default elementor-section-height-default\" data-id=\"bcca401\" data-element_type=\"section\">\n\t\t\t\t\t\t<div class=\"elementor-container elementor-column-gap-default\">\n\t\t\t\t\t<div class=\"elementor-column elementor-col-33 elementor-top-column elementor-element elementor-element-2b46179\" data-id=\"2b46179\" data-element_type=\"column\">\n\t\t\t<div class=\"elementor-widget-wrap elementor-element-populated\">\n\t\t\t\t\t\t\t\t<div class=\"elementor-element elementor-element-5ffd8f9 elementor-align-left de_scroll_animation_no elementor-widget elementor-widget-button\" data-id=\"5ffd8f9\" data-element_type=\"widget\" data-widget_type=\"button.default\">\n\t\t\t\t<div class=\"elementor-widget-container\">\n\t\t\t\t\t<div class=\"elementor-button-wrapper\">\n\t\t\t<a href=\"https:\/\/upwind-catamaran.com\/cs\/equipment\/\" class=\"elementor-button-link elementor-button elementor-size-sm\" role=\"button\">\n\t\t\t\t\t\t<span class=\"elementor-button-content-wrapper\">\n\t\t\t\t\t\t<span class=\"elementor-button-text\">Za\u0159\u00edzen\u00ed<\/span>\n\t\t<\/span>\n\t\t\t\t\t<\/a>\n\t\t<\/div>\n\t\t\t\t<\/div>\n\t\t\t\t<\/div>\n\t\t\t\t\t<\/div>\n\t\t<\/div>\n\t\t\t\t<div class=\"elementor-column elementor-col-33 elementor-top-column elementor-element elementor-element-6e0fa43\" data-id=\"6e0fa43\" data-element_type=\"column\">\n\t\t\t<div class=\"elementor-widget-wrap elementor-element-populated\">\n\t\t\t\t\t\t\t\t<div class=\"elementor-element elementor-element-e3dd43a elementor-align-left de_scroll_animation_no elementor-widget elementor-widget-button\" data-id=\"e3dd43a\" data-element_type=\"widget\" data-widget_type=\"button.default\">\n\t\t\t\t<div class=\"elementor-widget-container\">\n\t\t\t\t\t<div class=\"elementor-button-wrapper\">\n\t\t\t<a href=\"https:\/\/upwind-catamaran.com\/cs\/specifications\/\" class=\"elementor-button-link elementor-button elementor-size-sm\" role=\"button\">\n\t\t\t\t\t\t<span class=\"elementor-button-content-wrapper\">\n\t\t\t\t\t\t<span class=\"elementor-button-text\">SPECIFIKACE<\/span>\n\t\t<\/span>\n\t\t\t\t\t<\/a>\n\t\t<\/div>\n\t\t\t\t<\/div>\n\t\t\t\t<\/div>\n\t\t\t\t\t<\/div>\n\t\t<\/div>\n\t\t\t\t<div class=\"elementor-column elementor-col-33 elementor-top-column elementor-element elementor-element-4dd0ef8\" data-id=\"4dd0ef8\" data-element_type=\"column\">\n\t\t\t<div class=\"elementor-widget-wrap elementor-element-populated\">\n\t\t\t\t\t\t\t\t<div class=\"elementor-element elementor-element-e572949 elementor-align-left de_scroll_animation_no elementor-widget elementor-widget-button\" data-id=\"e572949\" data-element_type=\"widget\" data-widget_type=\"button.default\">\n\t\t\t\t<div class=\"elementor-widget-container\">\n\t\t\t\t\t<div class=\"elementor-button-wrapper\">\n\t\t\t<a href=\"https:\/\/upwind-catamaran.com\/cs\/charter-a-boat\/\" class=\"elementor-button-link elementor-button elementor-size-sm\" role=\"button\">\n\t\t\t\t\t\t<span class=\"elementor-button-content-wrapper\">\n\t\t\t\t\t\t<span class=\"elementor-button-text\">PRON\u00c1JEM LOD\u011a<\/span>\n\t\t<\/span>\n\t\t\t\t\t<\/a>\n\t\t<\/div>\n\t\t\t\t<\/div>\n\t\t\t\t<\/div>\n\t\t\t\t\t<\/div>\n\t\t<\/div>\n\t\t\t\t\t\t\t<\/div>\n\t\t<\/section>\n\t\t\t\t\t\t\t<\/div>","protected":false},"excerpt":{"rendered":"<p>SAILING EQUIPMENT Home SAILING EQUIPMENT UPWIND 50 ECO CATAMARAN Sailing equipment On board the UPWIND 50 ECO catamaran, you can expect to find a variety of sailing equipment to help you navigate the waters and enjoy your cabin charter sailing vacations in Croatia. The hulls are only 130 cm wide, allowing excellent hydrodynamic\u00a0properties. The mast [&hellip;]<\/p>","protected":false},"author":1,"featured_media":0,"parent":0,"menu_order":0,"comment_status":"closed","ping_status":"closed","template":"elementor_header_footer","meta":{"om_disable_all_campaigns":false,"_monsterinsights_skip_tracking":false,"_monsterinsights_sitenote_active":false,"_monsterinsights_sitenote_note":"","_monsterinsights_sitenote_category":0,"footnotes":""},"class_list":["post-262","page","type-page","status-publish","hentry"],"yoast_head":"<!-- This site is optimized with the Yoast SEO plugin v24.3 - https:\/\/yoast.com\/wordpress\/plugins\/seo\/ -->\n<title>SAILING EQUIPMENT - UPWIND 50 ECO catamaran<\/title>\n<meta name=\"description\" content=\"UPWIND CATAMARAN -Introducing a new type of sailing catamaran with numerous advantages over standard catamarans.\" \/>\n<meta name=\"robots\" content=\"index, follow, max-snippet:-1, max-image-preview:large, max-video-preview:-1\" \/>\n<link rel=\"canonical\" href=\"https:\/\/upwind-catamaran.com\/cs\/sailing-equipment\/\" \/>\n<meta property=\"og:locale\" content=\"cs_CZ\" \/>\n<meta property=\"og:type\" content=\"article\" \/>\n<meta property=\"og:title\" content=\"SAILING EQUIPMENT - UPWIND 50 ECO catamaran\" \/>\n<meta property=\"og:description\" content=\"UPWIND CATAMARAN -Introducing a new type of sailing catamaran with numerous advantages over standard catamarans.\" \/>\n<meta property=\"og:url\" content=\"https:\/\/upwind-catamaran.com\/cs\/sailing-equipment\/\" \/>\n<meta property=\"og:site_name\" content=\"UPWIND 50 ECO catamaran\" \/>\n<meta property=\"article:modified_time\" content=\"2024-10-14T17:44:14+00:00\" \/>\n<meta property=\"og:image\" content=\"https:\/\/upwind-catamaran.com\/wp-content\/uploads\/2023\/01\/cropped-UpWind-catamaran-logo-2-2.png\" \/>\n\t<meta property=\"og:image:width\" content=\"512\" \/>\n\t<meta property=\"og:image:height\" content=\"512\" \/>\n\t<meta property=\"og:image:type\" content=\"image\/png\" \/>\n<meta name=\"twitter:card\" content=\"summary_large_image\" \/>\n<meta name=\"twitter:label1\" content=\"Odhadovan\u00e1 doba \u010dten\u00ed\" \/>\n\t<meta name=\"twitter:data1\" content=\"1 minuta\" \/>\n<script type=\"application\/ld+json\" class=\"yoast-schema-graph\">{\"@context\":\"https:\/\/schema.org\",\"@graph\":[{\"@type\":\"WebPage\",\"@id\":\"https:\/\/upwind-catamaran.com\/en\/sailing-equipment\/\",\"url\":\"https:\/\/upwind-catamaran.com\/en\/sailing-equipment\/\",\"name\":\"SAILING EQUIPMENT - UPWIND 50 ECO catamaran\",\"isPartOf\":{\"@id\":\"https:\/\/upwind-catamaran.com\/#website\"},\"datePublished\":\"2023-01-10T12:57:38+00:00\",\"dateModified\":\"2024-10-14T17:44:14+00:00\",\"description\":\"UPWIND CATAMARAN -Introducing a new type of sailing catamaran with numerous advantages over standard catamarans.\",\"breadcrumb\":{\"@id\":\"https:\/\/upwind-catamaran.com\/en\/sailing-equipment\/#breadcrumb\"},\"inLanguage\":\"cs\",\"potentialAction\":[{\"@type\":\"ReadAction\",\"target\":[\"https:\/\/upwind-catamaran.com\/en\/sailing-equipment\/\"]}]},{\"@type\":\"BreadcrumbList\",\"@id\":\"https:\/\/upwind-catamaran.com\/en\/sailing-equipment\/#breadcrumb\",\"itemListElement\":[{\"@type\":\"ListItem\",\"position\":1,\"name\":\"Home\",\"item\":\"https:\/\/upwind-catamaran.com\/\"},{\"@type\":\"ListItem\",\"position\":2,\"name\":\"SAILING EQUIPMENT\"}]},{\"@type\":\"WebSite\",\"@id\":\"https:\/\/upwind-catamaran.com\/#website\",\"url\":\"https:\/\/upwind-catamaran.com\/\",\"name\":\"UPWIND 50 ECO catamaran\",\"description\":\"catamaran cabin charter sailing vacations in Croatia skippered catamaran\",\"publisher\":{\"@id\":\"https:\/\/upwind-catamaran.com\/#organization\"},\"potentialAction\":[{\"@type\":\"SearchAction\",\"target\":{\"@type\":\"EntryPoint\",\"urlTemplate\":\"https:\/\/upwind-catamaran.com\/?s={search_term_string}\"},\"query-input\":{\"@type\":\"PropertyValueSpecification\",\"valueRequired\":true,\"valueName\":\"search_term_string\"}}],\"inLanguage\":\"cs\"},{\"@type\":\"Organization\",\"@id\":\"https:\/\/upwind-catamaran.com\/#organization\",\"name\":\"UPWIND 50 ECO catamaran\",\"url\":\"https:\/\/upwind-catamaran.com\/\",\"logo\":{\"@type\":\"ImageObject\",\"inLanguage\":\"cs\",\"@id\":\"https:\/\/upwind-catamaran.com\/#\/schema\/logo\/image\/\",\"url\":\"https:\/\/upwind-catamaran.com\/wp-content\/uploads\/2023\/01\/UpWind-catamaran-logo-2-2.png\",\"contentUrl\":\"https:\/\/upwind-catamaran.com\/wp-content\/uploads\/2023\/01\/UpWind-catamaran-logo-2-2.png\",\"width\":1316,\"height\":632,\"caption\":\"UPWIND 50 ECO catamaran\"},\"image\":{\"@id\":\"https:\/\/upwind-catamaran.com\/#\/schema\/logo\/image\/\"}}]}<\/script>\n<!-- \/ Yoast SEO plugin. -->","yoast_head_json":{"title":"SAILING EQUIPMENT - UPWIND 50 ECO catamaran","description":"UPWIND CATAMARAN -Introducing a new type of sailing catamaran with numerous advantages over standard catamarans.","robots":{"index":"index","follow":"follow","max-snippet":"max-snippet:-1","max-image-preview":"max-image-preview:large","max-video-preview":"max-video-preview:-1"},"canonical":"https:\/\/upwind-catamaran.com\/cs\/sailing-equipment\/","og_locale":"cs_CZ","og_type":"article","og_title":"SAILING EQUIPMENT - UPWIND 50 ECO catamaran","og_description":"UPWIND CATAMARAN -Introducing a new type of sailing catamaran with numerous advantages over standard catamarans.","og_url":"https:\/\/upwind-catamaran.com\/cs\/sailing-equipment\/","og_site_name":"UPWIND 50 ECO catamaran","article_modified_time":"2024-10-14T17:44:14+00:00","og_image":[{"width":512,"height":512,"url":"https:\/\/upwind-catamaran.com\/wp-content\/uploads\/2023\/01\/cropped-UpWind-catamaran-logo-2-2.png","type":"image\/png"}],"twitter_card":"summary_large_image","twitter_misc":{"Odhadovan\u00e1 doba \u010dten\u00ed":"1 minuta"},"schema":{"@context":"https:\/\/schema.org","@graph":[{"@type":"WebPage","@id":"https:\/\/upwind-catamaran.com\/en\/sailing-equipment\/","url":"https:\/\/upwind-catamaran.com\/en\/sailing-equipment\/","name":"SAILING EQUIPMENT - UPWIND 50 ECO catamaran","isPartOf":{"@id":"https:\/\/upwind-catamaran.com\/#website"},"datePublished":"2023-01-10T12:57:38+00:00","dateModified":"2024-10-14T17:44:14+00:00","description":"UPWIND CATAMARAN -Introducing a new type of sailing catamaran with numerous advantages over standard catamarans.","breadcrumb":{"@id":"https:\/\/upwind-catamaran.com\/en\/sailing-equipment\/#breadcrumb"},"inLanguage":"cs","potentialAction":[{"@type":"ReadAction","target":["https:\/\/upwind-catamaran.com\/en\/sailing-equipment\/"]}]},{"@type":"BreadcrumbList","@id":"https:\/\/upwind-catamaran.com\/en\/sailing-equipment\/#breadcrumb","itemListElement":[{"@type":"ListItem","position":1,"name":"Home","item":"https:\/\/upwind-catamaran.com\/"},{"@type":"ListItem","position":2,"name":"SAILING EQUIPMENT"}]},{"@type":"WebSite","@id":"https:\/\/upwind-catamaran.com\/#website","url":"https:\/\/upwind-catamaran.com\/","name":"UPWIND 50 ECO catamaran","description":"catamaran cabin charter sailing vacations in Croatia skippered catamaran","publisher":{"@id":"https:\/\/upwind-catamaran.com\/#organization"},"potentialAction":[{"@type":"SearchAction","target":{"@type":"EntryPoint","urlTemplate":"https:\/\/upwind-catamaran.com\/?s={search_term_string}"},"query-input":{"@type":"PropertyValueSpecification","valueRequired":true,"valueName":"search_term_string"}}],"inLanguage":"cs"},{"@type":"Organization","@id":"https:\/\/upwind-catamaran.com\/#organization","name":"UPWIND 50 ECO catamaran","url":"https:\/\/upwind-catamaran.com\/","logo":{"@type":"ImageObject","inLanguage":"cs","@id":"https:\/\/upwind-catamaran.com\/#\/schema\/logo\/image\/","url":"https:\/\/upwind-catamaran.com\/wp-content\/uploads\/2023\/01\/UpWind-catamaran-logo-2-2.png","contentUrl":"https:\/\/upwind-catamaran.com\/wp-content\/uploads\/2023\/01\/UpWind-catamaran-logo-2-2.png","width":1316,"height":632,"caption":"UPWIND 50 ECO catamaran"},"image":{"@id":"https:\/\/upwind-catamaran.com\/#\/schema\/logo\/image\/"}}]}},"_links":{"self":[{"href":"https:\/\/upwind-catamaran.com\/cs\/wp-json\/wp\/v2\/pages\/262","targetHints":{"allow":["GET"]}}],"collection":[{"href":"https:\/\/upwind-catamaran.com\/cs\/wp-json\/wp\/v2\/pages"}],"about":[{"href":"https:\/\/upwind-catamaran.com\/cs\/wp-json\/wp\/v2\/types\/page"}],"author":[{"embeddable":true,"href":"https:\/\/upwind-catamaran.com\/cs\/wp-json\/wp\/v2\/users\/1"}],"replies":[{"embeddable":true,"href":"https:\/\/upwind-catamaran.com\/cs\/wp-json\/wp\/v2\/comments?post=262"}],"version-history":[{"count":71,"href":"https:\/\/upwind-catamaran.com\/cs\/wp-json\/wp\/v2\/pages\/262\/revisions"}],"predecessor-version":[{"id":3383,"href":"https:\/\/upwind-catamaran.com\/cs\/wp-json\/wp\/v2\/pages\/262\/revisions\/3383"}],"wp:attachment":[{"href":"https:\/\/upwind-catamaran.com\/cs\/wp-json\/wp\/v2\/media?parent=262"}],"curies":[{"name":"wp","href":"https:\/\/api.w.org\/{rel}","templated":true}]}}